{"id":3165,"date":"2022-10-13T11:23:39","date_gmt":"2022-10-13T08:23:39","guid":{"rendered":"https:\/\/uokenerji.com\/a-propos-de-nous\/"},"modified":"2024-02-27T20:26:26","modified_gmt":"2024-02-27T17:26:26","slug":"a-propos-de-nous","status":"publish","type":"page","link":"https:\/\/uokenerji.com\/fr\/a-propos-de-nous\/","title":{"rendered":"\u00c0 propos de nous"},"content":{"rendered":"\t\t<div data-elementor-type=\"wp-page\" data-elementor-id=\"3165\" class=\"elementor elementor-3165 elementor-46\" data-elementor-post-type=\"page\">\n\t\t\t\t\t\t<section class=\"elementor-section elementor-top-section elementor-element elementor-element-828d4c9 elementor-section-boxed elementor-section-height-default elementor-section-height-default\" data-id=\"828d4c9\" data-element_type=\"section\">\n\t\t\t\t\t\t<div class=\"elementor-container elementor-column-gap-default\">\n\t\t\t\t\t<div class=\"elementor-column elementor-col-100 elementor-top-column elementor-element elementor-element-d50b53a order-1 order-xl-1\" data-id=\"d50b53a\" data-element_type=\"column\">\n\t\t\t<div class=\"elementor-widget-wrap elementor-element-populated\">\n\t\t\t\t\t\t<div class=\"elementor-element elementor-element-9a0f739 elementor-widget elementor-widget-text-editor\" data-id=\"9a0f739\" data-element_type=\"widget\" data-widget_type=\"text-editor.default\">\n\t\t\t\t<div class=\"elementor-widget-container\">\n\t\t\t<style>\/*! elementor - v3.21.0 - 25-04-2024 *\/\n.elementor-widget-text-editor.elementor-drop-cap-view-stacked .elementor-drop-cap{background-color:#69727d;color:#fff}.elementor-widget-text-editor.elementor-drop-cap-view-framed .elementor-drop-cap{color:#69727d;border:3px solid;background-color:transparent}.elementor-widget-text-editor:not(.elementor-drop-cap-view-default) .elementor-drop-cap{margin-top:8px}.elementor-widget-text-editor:not(.elementor-drop-cap-view-default) .elementor-drop-cap-letter{width:1em;height:1em}.elementor-widget-text-editor .elementor-drop-cap{float:left;text-align:center;line-height:1;font-size:50px}.elementor-widget-text-editor .elementor-drop-cap-letter{display:inline-block}<\/style>\t\t\t\t<h1>Votre partenaire professionnel en solutions d&#8217;\u00e9nergie solaire !<\/h1>\n<p>Nous avons d\u00e9marr\u00e9 nos op\u00e9rations en Turquie en 2012 et avons poursuivi notre aventure de croissance en transf\u00e9rant les exp\u00e9riences que nous avons acquises \u00e0 nos op\u00e9rations nationales et au march\u00e9 africain. Gr\u00e2ce \u00e0 nos partenariats r\u00e9ussis et \u00e0 notre exp\u00e9rience nationale et internationale dans l\u2019industrie de l\u2019\u00e9nergie solaire, nous avons appris \u00e0 g\u00e9rer de mani\u00e8re experte les aspects techniques et financiers du secteur de l\u2019\u00e9nergie.<\/p>\n<p>Nos domaines d&#8217;expertise comprennent l&#8217;ing\u00e9nierie, l&#8217;approvisionnement et la construction d&#8217;installations de production d&#8217;\u00e9nergie renouvelable, ainsi que la gestion d&#8217;actifs, soigneusement pr\u00e9par\u00e9s pour les besoins de toutes les parties prenantes du secteur de l&#8217;\u00e9nergie, de la fin de la production aux fournisseurs.<\/p>\n<p>En collaboration avec nos partenaires fiables et solides en Afrique, nous servons nos clients gr\u00e2ce \u00e0 notre capacit\u00e9 \u00e0 fournir des solutions cl\u00e9 en main dans les d\u00e9lais, m\u00eame dans des conditions difficiles. En tant qu&#8217;\u00e9quipe sp\u00e9cialis\u00e9e dans l&#8217;investissement et le conseil technique de centrales solaires, la planification de projets, la conception de syst\u00e8mes, les installations de centrales \u00e9lectriques sous licence et sans licence, l&#8217;acquisition de licences et les activit\u00e9s op\u00e9rationnelles, nous produisons des solutions sp\u00e9ciales pour les besoins de nos clients.<\/p>\n<p>UOK Enerji A.\u015e. As, nous proposons une large gamme de services, depuis les installations terrestres et industrielles sur les toits jusqu&#8217;aux applications r\u00e9sidentielles d&#8217;\u00e9nergie solaire. Nous poursuivons nos activit\u00e9s dans le secteur \u00e0 plein r\u00e9gime avec la satisfaction du client comme notre premi\u00e8re priorit\u00e9, sans compromettre la qualit\u00e9. Nos projets comprennent de nombreuses solutions innovantes telles que des syst\u00e8mes connect\u00e9s au r\u00e9seau et ind\u00e9pendants, des syst\u00e8mes d&#8217;irrigation \u00e0 \u00e9nergie solaire, des syst\u00e8mes de stockage d&#8217;\u00e9nergie par piles au lithium, de l&#8217;\u00e9nergie hydrog\u00e8ne, des syst\u00e8mes d&#8217;\u00e9clairage LED, des syst\u00e8mes de cam\u00e9ras \u00e0 \u00e9nergie solaire et des stations de recharge pour v\u00e9hicules \u00e9lectriques \u00e0 \u00e9nergie solaire. UOK Enerji A.\u015e. Nous sommes fiers de contribuer \u00e0 l\u2019avenir \u00e9nerg\u00e9tique durable.<\/p>\n<h2><span style=\"color: #e49539;\">UOK ENERJ\u0130 A.\u015e.<\/span> Gestion<\/h2>\n\t\t\t\t\t\t<\/div>\n\t\t\t\t<\/div>\n\t\t\t\t\t<\/div>\n\t\t<\/div>\n\t\t\t\t\t<\/div>\n\t\t<\/section>\n\t\t<div class=\"elementor-element elementor-element-88f678c e-con-full e-flex e-con e-parent\" data-id=\"88f678c\" data-element_type=\"container\">\n\t\t\t\t<div class=\"elementor-element elementor-element-2aa09c8 elementor-widget elementor-widget-energisofaqarea\" data-id=\"2aa09c8\" data-element_type=\"widget\" data-widget_type=\"energisofaqarea.default\">\n\t\t\t\t<div class=\"elementor-widget-container\">\n\t\t\t<section class=\"overflow-hidden bg-light-1 faq-wrapper\"><div class=\"container\"><div class=\"row gx-60 flex-row-reverse justify-content-between align-items-center\"><div class=\"col-lg-5 col-xl-6 z-index-common\"><div class=\"img-box7\"><div class=\"img-1\"><img decoding=\"async\" data-src=\"https:\/\/wordpress.vecurosoft.com\/energiso\/wp-content\/uploads\/2022\/11\/faq-3-1.jpg\" alt=\"faq 3 1\" src=\"data:image\/gif;base64,R0lGODlhAQABAAAAACH5BAEKAAEALAAAAAABAAEAAAICTAEAOw==\" class=\"lazyload\" \/><noscript><img decoding=\"async\" src=\"https:\/\/wordpress.vecurosoft.com\/energiso\/wp-content\/uploads\/2022\/11\/faq-3-1.jpg\" alt=\"faq 3 1\"  \/><\/noscript><\/div><div class=\"img-shape1\"><\/div><\/div><\/div><div class=\"col-lg-7 col-xl-6 space py-xl-0\"><div class=\"title-area mb-3 pb-1\"><span class=\"sec-subtitle\">POURQUOI TU DEVRAIS NOUS CHOISIR?<\/span><h2 class=\"sec-title h1\">Nous r\u00e9\u00e9crivons l&#039;avenir avec le soleil !<\/h2><\/div><div class=\"accordion accordion-style2\" id=\"faqVersion2\"><div class=\"accordion-item\"><div class=\"accordion-header\" id=\"heading1\"><button class=\"accordion-button \" type=\"button\" data-bs-toggle=\"collapse\" data-bs-target=\"#collapse1\" aria-expanded=\"true\" aria-controls=\"collapse1\">Exp\u00e9rience et expertise<\/button><\/div><div id=\"collapse1\" class=\"accordion-collapse collapse show\" aria-labelledby=\"heading1\" data-bs-parent=\"#faqVersion2\"><div class=\"accordion-body\"><p>En d\u00e9marrant nos activit\u00e9s en Turquie en 2012, nous avons continuellement accru notre exp\u00e9rience dans le secteur de l'\u00e9nergie solaire. UOK Enerji A.\u015e. En effet, nous sommes une \u00e9quipe dot\u00e9e des connaissances technologiques et techniques les plus r\u00e9centes de l\u2019industrie.<\/p><\/div><\/div><\/div><div class=\"accordion-item\"><div class=\"accordion-header\" id=\"heading2\"><button class=\"accordion-button collapsed\" type=\"button\" data-bs-toggle=\"collapse\" data-bs-target=\"#collapse2\" aria-expanded=\"true\" aria-controls=\"collapse2\">Solutions \u00e9nerg\u00e9tiques durables<\/button><\/div><div id=\"collapse2\" class=\"accordion-collapse collapse \" aria-labelledby=\"heading2\" data-bs-parent=\"#faqVersion2\"><div class=\"accordion-body\"><p>Des solutions \u00e9nerg\u00e9tiques respectueuses de l\u2019environnement et durables constituent la base de notre activit\u00e9. Nos projets aliment\u00e9s \u00e0 l\u2019\u00e9nergie solaire offrent \u00e0 nos clients l\u2019avantage de r\u00e9duire les co\u00fbts \u00e9nerg\u00e9tiques tout en s\u2019acquittant de leurs responsabilit\u00e9s environnementales.<\/p><\/div><\/div><\/div><div class=\"accordion-item\"><div class=\"accordion-header\" id=\"heading3\"><button class=\"accordion-button collapsed\" type=\"button\" data-bs-toggle=\"collapse\" data-bs-target=\"#collapse3\" aria-expanded=\"true\" aria-controls=\"collapse3\">Solutions cl\u00e9 en main<\/button><\/div><div id=\"collapse3\" class=\"accordion-collapse collapse \" aria-labelledby=\"heading3\" data-bs-parent=\"#faqVersion2\"><div class=\"accordion-body\"><p>Gr\u00e2ce \u00e0 des partenaires commerciaux solides et une vaste exp\u00e9rience, nous proposons des projets cl\u00e9 en main \u00e0 nos clients. Cela garantit une r\u00e9alisation sans probl\u00e8me des projets tout en permettant \u00e0 nos clients d\u2019\u00e9conomiser du temps et des ressources.<\/p><\/div><\/div><\/div><div class=\"accordion-item\"><div class=\"accordion-header\" id=\"heading4\"><button class=\"accordion-button collapsed\" type=\"button\" data-bs-toggle=\"collapse\" data-bs-target=\"#collapse4\" aria-expanded=\"true\" aria-controls=\"collapse4\">Large gamme de services<\/button><\/div><div id=\"collapse4\" class=\"accordion-collapse collapse \" aria-labelledby=\"heading4\" data-bs-parent=\"#faqVersion2\"><div class=\"accordion-body\"><p>Nous sommes une \u00e9quipe sp\u00e9cialis\u00e9e dans chaque \u00e9tape des centrales solaires. Nous pouvons r\u00e9pondre \u00e0 tous les besoins de nos clients avec une large gamme de services, depuis l'investissement et le conseil technique jusqu'\u00e0 la conception, l'octroi de licences et l'exploitation du syst\u00e8me.<\/p><\/div><\/div><\/div><div class=\"accordion-item\"><div class=\"accordion-header\" id=\"heading5\"><button class=\"accordion-button collapsed\" type=\"button\" data-bs-toggle=\"collapse\" data-bs-target=\"#collapse5\" aria-expanded=\"true\" aria-controls=\"collapse5\">Approche centr\u00e9e sur le client<\/button><\/div><div id=\"collapse5\" class=\"accordion-collapse collapse \" aria-labelledby=\"heading5\" data-bs-parent=\"#faqVersion2\"><div class=\"accordion-body\"><p>Nous mettons la satisfaction de nos clients au centre de notre mission. Tout en produisant des solutions sp\u00e9ciales pour chacun de nos clients, nous adoptons une approche de communication transparente et ouverte.<\/p><\/div><\/div><\/div><\/div><\/div><\/div><\/div><\/section>\t\t<\/div>\n\t\t\t\t<\/div>\n\t\t\t\t<\/div>\n\t\t\t\t<section class=\"elementor-section elementor-top-section elementor-element elementor-element-af764ea elementor-section-boxed elementor-section-height-default elementor-section-height-default\" data-id=\"af764ea\" data-element_type=\"section\">\n\t\t\t\t\t\t<div class=\"elementor-container elementor-column-gap-default\">\n\t\t\t\t\t<div class=\"elementor-column elementor-col-100 elementor-top-column elementor-element elementor-element-3209533\" data-id=\"3209533\" data-element_type=\"column\">\n\t\t\t<div class=\"elementor-widget-wrap elementor-element-populated\">\n\t\t\t\t\t\t<div class=\"elementor-element elementor-element-564dbec elementor-widget elementor-widget-energisosectiontitle\" data-id=\"564dbec\" data-element_type=\"widget\" data-widget_type=\"energisosectiontitle.default\">\n\t\t\t\t<div class=\"elementor-widget-container\">\n\t\t\t<!-- Section Title --><div class=\"title-area\" ><h2 class=\"sec-subtitle subtitle-selector\">Notre processus commercial<\/h2><h3 class=\"sec-title title-selector h1\">Comment travaillons-nous ?<\/h3><\/div><!-- End Section Title -->\t\t<\/div>\n\t\t\t\t<\/div>\n\t\t\t\t<div class=\"elementor-element elementor-element-b69967a elementor-widget elementor-widget-energisoprocess\" data-id=\"b69967a\" data-element_type=\"widget\" data-widget_type=\"energisoprocess.default\">\n\t\t\t\t<div class=\"elementor-widget-container\">\n\t\t\t<div class=\"process-style1\"><div class=\"process-item\"><h3 class=\"process-title h5\">Analyse des besoins et conseil client<\/h3><div class=\"process-content\"><span class=\"process-number\">1<\/span><p class=\"process-text\">Les besoins des clients sont analys\u00e9s en d\u00e9tail avant le d\u00e9marrage du projet.\nLes habitudes de consommation d&#039;\u00e9nergie sont d\u00e9termin\u00e9es et le client re\u00e7oit des conseils sur la solution d&#039;\u00e9nergie solaire la plus adapt\u00e9e.<\/p><\/div><\/div><div class=\"process-item\"><h3 class=\"process-title h5\">Solution technologique et conception<\/h3><div class=\"process-content\"><span class=\"process-number\">2<\/span><p class=\"process-text\">Les d\u00e9tails techniques de la centrale solaire sont d\u00e9termin\u00e9s par l&#039;\u00e9valuation du site.\nDes solutions technologiques telles que le type de panneau, la s\u00e9lection d&#039;onduleurs et les syst\u00e8mes de stockage d&#039;\u00e9nergie sont con\u00e7ues.<\/p><\/div><\/div><div class=\"process-item\"><h3 class=\"process-title h5\">Processus d\u2019autorisation et de licence<\/h3><div class=\"process-content\"><span class=\"process-number\">3<\/span><p class=\"process-text\">Les permis et licences n\u00e9cessaires sont obtenus par le biais de r\u00e9glementations l\u00e9gales avant le projet.\nLes d\u00e9marches juridiques n\u00e9cessaires au raccordement au r\u00e9seau \u00e9lectrique sont g\u00e9r\u00e9es.<\/p><\/div><\/div><div class=\"process-item\"><h3 class=\"process-title h5\">Installation cl\u00e9 en main et support continu<\/h3><div class=\"process-content\"><span class=\"process-number\">4<\/span><p class=\"process-text\">L&#039;installation de la centrale solaire est lanc\u00e9e et toutes les \u00e9tapes du projet sont g\u00e9r\u00e9es cl\u00e9 en main.\nUne fois le projet termin\u00e9, le syst\u00e8me est constamment surveill\u00e9 et son efficacit\u00e9 est augment\u00e9e en fournissant un support technique au client.<\/p><\/div><\/div><\/div>\t\t<\/div>\n\t\t\t\t<\/div>\n\t\t\t\t\t<\/div>\n\t\t<\/div>\n\t\t\t\t\t<\/div>\n\t\t<\/section>\n\t\t\t\t<\/div>\n\t\t","protected":false},"excerpt":{"rendered":"<p>Votre partenaire professionnel en solutions d&#8217;\u00e9nergie solaire ! Nous avons d\u00e9marr\u00e9 nos op\u00e9rations en Turquie en 2012 et avons poursuivi notre aventure de croissance en transf\u00e9rant les exp\u00e9riences que nous avons acquises \u00e0 nos op\u00e9rations nationales et au march\u00e9 africain. Gr\u00e2ce \u00e0 nos partenariats r\u00e9ussis et \u00e0 notre exp\u00e9rience nationale et internationale dans l\u2019industrie de&#8230;<\/p>\n","protected":false},"author":1,"featured_media":0,"parent":0,"menu_order":0,"comment_status":"closed","ping_status":"closed","template":"template-builder.php","meta":{"_acf_changed":false,"footnotes":""},"class_list":["post-3165","page","type-page","status-publish","hentry"],"acf":[],"aioseo_notices":[],"_links":{"self":[{"href":"https:\/\/uokenerji.com\/fr\/wp-json\/wp\/v2\/pages\/3165","targetHints":{"allow":["GET"]}}],"collection":[{"href":"https:\/\/uokenerji.com\/fr\/wp-json\/wp\/v2\/pages"}],"about":[{"href":"https:\/\/uokenerji.com\/fr\/wp-json\/wp\/v2\/types\/page"}],"author":[{"embeddable":true,"href":"https:\/\/uokenerji.com\/fr\/wp-json\/wp\/v2\/users\/1"}],"replies":[{"embeddable":true,"href":"https:\/\/uokenerji.com\/fr\/wp-json\/wp\/v2\/comments?post=3165"}],"version-history":[{"count":0,"href":"https:\/\/uokenerji.com\/fr\/wp-json\/wp\/v2\/pages\/3165\/revisions"}],"wp:attachment":[{"href":"https:\/\/uokenerji.com\/fr\/wp-json\/wp\/v2\/media?parent=3165"}],"curies":[{"name":"wp","href":"https:\/\/api.w.org\/{rel}","templated":true}]}}